{"id":1024,"date":"2024-12-13T17:17:12","date_gmt":"2024-12-13T16:17:12","guid":{"rendered":"https:\/\/www.hotellasiestajesolo.com\/?page_id=1024"},"modified":"2025-10-30T09:37:15","modified_gmt":"2025-10-30T08:37:15","slug":"angebote","status":"publish","type":"page","link":"https:\/\/www.hotellasiestajesolo.com\/de\/angebote\/","title":{"rendered":"Angebote"},"content":{"rendered":"<div class=\"wpb-content-wrapper\"><p>[vc_row full_width=&#8220;stretch_row_content&#8220;][vc_column]\n\t\t\t<!-- START contatti REVOLUTION SLIDER 6.7.5 --><p class=\"rs-p-wp-fix\"><\/p>\n\t\t\t<rs-module-wrap id=\"rev_slider_5_1_wrapper\" data-source=\"gallery\" style=\"visibility:hidden;background:transparent;padding:0;\">\n\t\t\t\t<rs-module id=\"rev_slider_5_1\" style=\"\" data-version=\"6.7.5\">\n\t\t\t\t\t<rs-slides style=\"overflow: hidden; position: absolute;\">\n\t\t\t\t\t\t<rs-slide style=\"position: absolute;\" data-key=\"rs-13\" data-title=\"Slide\" data-in=\"o:0;\" data-out=\"a:false;\">\n\t\t\t\t\t\t\t<img decoding=\"async\" src=\"\/\/www.hotellasiestajesolo.com\/wp-content\/plugins\/revslider\/sr6\/assets\/assets\/dummy.png\" alt=\"\" title=\"SIESTA-_DNN8808-HDR\" width=\"2560\" height=\"1707\" class=\"rev-slidebg tp-rs-img rs-lazyload\" data-lazyload=\"\/\/www.hotellasiestajesolo.com\/wp-content\/uploads\/2024\/08\/SIESTA-_DNN8808-HDR.jpg\" data-no-retina>\n<!---->\t\t\t\t\t<\/rs-slide>\n\t\t\t\t\t<\/rs-slides>\n\t\t\t\t<\/rs-module>\n\t\t\t\t<script>\n\t\t\t\t\tsetREVStartSize({c: 'rev_slider_5_1',rl:[1240,1024,778,480],el:[900],gw:[1240],gh:[900],type:'standard',justify:'',layout:'fullscreen',offsetContainer:'',offset:'',mh:\"0\"});if (window.RS_MODULES!==undefined && window.RS_MODULES.modules!==undefined && window.RS_MODULES.modules[\"revslider51\"]!==undefined) {window.RS_MODULES.modules[\"revslider51\"].once = false;window.revapi5 = undefined;if (window.RS_MODULES.checkMinimal!==undefined) window.RS_MODULES.checkMinimal()}\n\t\t\t\t<\/script>\n\t\t\t<\/rs-module-wrap>\n\t\t\t<!-- END REVOLUTION SLIDER -->\n[vc_raw_html]JTNDZGl2JTIwY2xhc3MlM0QlMjJhcnJvdy13cmFwcGVyJTIyJTNFJTNDZGl2JTIwY2xhc3MlM0QlMjJhcnJvdyUyMiUzRSUzQyUyRmRpdiUzRSUzQyUyRmRpdiUzRQ==[\/vc_raw_html][\/vc_column][\/vc_row][vc_row full_width=&#8220;stretch_row_content&#8220;][vc_column][vc_empty_space height=&#8220;100px&#8220;][vc_column_text css=&#8220;&#8220;]<\/p>\n<h1 style=\"text-align: center;\">ANGEBOTE<\/h1>\n<p>[\/vc_column_text][vc_empty_space height=&#8220;50px&#8220;][\/vc_column][\/vc_row][vc_row css=&#8220;.vc_custom_1605484638015{padding-bottom: 110px !important;}&#8220;][vc_column]<style type=\"text\/css\" data-type=\"the7_shortcodes-inline-css\">.blog-shortcode.blog-list-shortcode-id-a85e26139d8a0ab8c5c6eebdb7cc1b2f.side-overlap-layout-list .post-thumbnail-wrap {\n  width: 50%;\n}\n.blog-shortcode.blog-list-shortcode-id-a85e26139d8a0ab8c5c6eebdb7cc1b2f.side-overlap-layout-list .post-entry-content {\n  width: calc(100% - 50% + 0px);\n  margin-top: 50px;\n}\n.blog-shortcode.blog-list-shortcode-id-a85e26139d8a0ab8c5c6eebdb7cc1b2f.side-overlap-layout-list .no-img .post-entry-content {\n  width: 100%;\n  margin-top: 0;\n}\n.blog-shortcode.blog-list-shortcode-id-a85e26139d8a0ab8c5c6eebdb7cc1b2f.side-overlap-layout-list .project-odd .post-entry-content {\n  margin-left: 0px;\n}\n.rtl .blog-shortcode.blog-list-shortcode-id-a85e26139d8a0ab8c5c6eebdb7cc1b2f.side-overlap-layout-list .project-odd .post-entry-content {\n  margin-right: 0px;\n  margin-left: 0;\n}\n.blog-shortcode.blog-list-shortcode-id-a85e26139d8a0ab8c5c6eebdb7cc1b2f.side-overlap-layout-list .no-img.project-odd .post-entry-content {\n  margin-left: 0;\n}\n.rtl .blog-shortcode.blog-list-shortcode-id-a85e26139d8a0ab8c5c6eebdb7cc1b2f.side-overlap-layout-list .no-img.project-odd .post-entry-content {\n  margin-right: 0;\n  margin-left: 0;\n}\n.blog-shortcode.blog-list-shortcode-id-a85e26139d8a0ab8c5c6eebdb7cc1b2f.side-overlap-layout-list .project-even .post-entry-content {\n  margin-right: 0px;\n}\n.rtl .blog-shortcode.blog-list-shortcode-id-a85e26139d8a0ab8c5c6eebdb7cc1b2f.side-overlap-layout-list .project-even .post-entry-content {\n  margin-left: 0px;\n  margin-right: 0;\n}\n.blog-shortcode.blog-list-shortcode-id-a85e26139d8a0ab8c5c6eebdb7cc1b2f.side-overlap-layout-list .no-img.project-even .post-entry-content {\n  margin-right: 0;\n}\n.rtl .blog-shortcode.blog-list-shortcode-id-a85e26139d8a0ab8c5c6eebdb7cc1b2f.side-overlap-layout-list .no-img.project-even .post-entry-content {\n  margin-left: 0;\n  margin-right: 0;\n}\n@media screen and (max-width: 768px) {\n  #page .blog-shortcode.blog-list-shortcode-id-a85e26139d8a0ab8c5c6eebdb7cc1b2f.side-overlap-layout-list .project-odd .post-entry-content {\n    left: 0;\n  }\n  #page .blog-shortcode.blog-list-shortcode-id-a85e26139d8a0ab8c5c6eebdb7cc1b2f.side-overlap-layout-list .project-even .post-entry-content {\n    right: 0;\n  }\n}\n.blog-shortcode.blog-list-shortcode-id-a85e26139d8a0ab8c5c6eebdb7cc1b2f .filter-bg-decoration .filter-categories a.act {\n  color: #fff;\n}\n.blog-shortcode.blog-list-shortcode-id-a85e26139d8a0ab8c5c6eebdb7cc1b2f:not(.mode-masonry) article {\n  margin-top: 50px;\n}\n.blog-shortcode.blog-list-shortcode-id-a85e26139d8a0ab8c5c6eebdb7cc1b2f:not(.mode-masonry) article:first-of-type,\n.blog-shortcode.blog-list-shortcode-id-a85e26139d8a0ab8c5c6eebdb7cc1b2f:not(.mode-masonry) article.visible.first:not(.product) {\n  margin-top: 0;\n}\n.blog-shortcode.blog-list-shortcode-id-a85e26139d8a0ab8c5c6eebdb7cc1b2f.dividers-on:not(.mode-masonry) article {\n  margin-top: 0;\n  padding-top: 50px;\n}\n.blog-shortcode.blog-list-shortcode-id-a85e26139d8a0ab8c5c6eebdb7cc1b2f.dividers-on:not(.mode-masonry) article:first-of-type,\n.blog-shortcode.blog-list-shortcode-id-a85e26139d8a0ab8c5c6eebdb7cc1b2f.dividers-on:not(.mode-masonry) article.visible.first:not(.product) {\n  margin-top: 0;\n  padding-top: 0;\n}\n.blog-shortcode.blog-list-shortcode-id-a85e26139d8a0ab8c5c6eebdb7cc1b2f .post-thumbnail-wrap {\n  padding: 0px 0px 0px 0px;\n}\n.blog-shortcode.blog-list-shortcode-id-a85e26139d8a0ab8c5c6eebdb7cc1b2f.enable-bg-rollover .post-thumbnail-rollover:after {\n  background: -webkit-linear-gradient();\n  background: linear-gradient();\n}\n.blog-shortcode.blog-list-shortcode-id-a85e26139d8a0ab8c5c6eebdb7cc1b2f .gallery-zoom-ico {\n  width: 44px;\n  height: 44px;\n  line-height: 44px;\n  border-radius: 100px;\n  margin: -22px 0 0 -22px;\n  border-width: 0px;\n  color: #ffffff;\n}\n.bottom-overlap-layout-list.blog-shortcode.blog-list-shortcode-id-a85e26139d8a0ab8c5c6eebdb7cc1b2f .gallery-zoom-ico {\n  margin-top: -47px;\n}\n.gradient-overlay-layout-list.blog-shortcode.blog-list-shortcode-id-a85e26139d8a0ab8c5c6eebdb7cc1b2f .gallery-zoom-ico,\n.content-rollover-layout-list.blog-shortcode.blog-list-shortcode-id-a85e26139d8a0ab8c5c6eebdb7cc1b2f .gallery-zoom-ico {\n  margin: 0 0 10px;\n}\n.content-align-center.gradient-overlay-layout-list.blog-shortcode.blog-list-shortcode-id-a85e26139d8a0ab8c5c6eebdb7cc1b2f .gallery-zoom-ico,\n.content-align-center.content-rollover-layout-list.blog-shortcode.blog-list-shortcode-id-a85e26139d8a0ab8c5c6eebdb7cc1b2f .gallery-zoom-ico {\n  margin: 0 auto 10px;\n}\n.dt-icon-bg-on.blog-shortcode.blog-list-shortcode-id-a85e26139d8a0ab8c5c6eebdb7cc1b2f .gallery-zoom-ico {\n  background: rgba(255,255,255,0.3);\n  box-shadow: none;\n}\n.blog-shortcode.blog-list-shortcode-id-a85e26139d8a0ab8c5c6eebdb7cc1b2f .gallery-zoom-ico > span,\n.blog-shortcode.blog-list-shortcode-id-a85e26139d8a0ab8c5c6eebdb7cc1b2f .gallery-zoom-ico:before {\n  font-size: 32px;\n  line-height: 44px;\n}\n.blog-shortcode.blog-list-shortcode-id-a85e26139d8a0ab8c5c6eebdb7cc1b2f .gallery-zoom-ico > span,\n.blog-shortcode.blog-list-shortcode-id-a85e26139d8a0ab8c5c6eebdb7cc1b2f .gallery-zoom-ico:before {\n  color: #ffffff;\n}\n.blog-shortcode.blog-list-shortcode-id-a85e26139d8a0ab8c5c6eebdb7cc1b2f .fancy-date a {\n  background: #ffffff;\n  box-shadow: none;\n}\n.blog-shortcode.blog-list-shortcode-id-a85e26139d8a0ab8c5c6eebdb7cc1b2f .fancy-date a * {\n  color: #2d2d2d;\n}\n.blog-shortcode.blog-list-shortcode-id-a85e26139d8a0ab8c5c6eebdb7cc1b2f .entry-title,\n.blog-shortcode.blog-list-shortcode-id-a85e26139d8a0ab8c5c6eebdb7cc1b2f.owl-carousel .entry-title {\n  margin-bottom: 25px;\n  font-weight: bold;\n}\n.blog-shortcode.blog-list-shortcode-id-a85e26139d8a0ab8c5c6eebdb7cc1b2f .entry-meta {\n  margin-bottom: 15px;\n}\n.blog-shortcode.blog-list-shortcode-id-a85e26139d8a0ab8c5c6eebdb7cc1b2f .portfolio-categories {\n  margin-bottom: 15px;\n}\n.blog-shortcode.blog-list-shortcode-id-a85e26139d8a0ab8c5c6eebdb7cc1b2f .entry-excerpt {\n  margin-bottom: 25px;\n  line-height: 27px;\n}\n.blog-shortcode.blog-list-shortcode-id-a85e26139d8a0ab8c5c6eebdb7cc1b2f:not(.centered-layout-list) .post-entry-content {\n  padding: 25px 30px 30px 30px;\n}\n.blog-shortcode.blog-list-shortcode-id-a85e26139d8a0ab8c5c6eebdb7cc1b2f:not(.centered-layout-list):not(.content-bg-on):not(.mode-list) .no-img .post-entry-content {\n  padding: 0;\n}\n@media screen and (max-width: 768px) {\n  .blog-shortcode.blog-list-shortcode-id-a85e26139d8a0ab8c5c6eebdb7cc1b2f article {\n    -ms-flex-flow: column nowrap;\n    flex-flow: column nowrap;\n    margin-top: 20px;\n  }\n  .blog-shortcode.blog-list-shortcode-id-a85e26139d8a0ab8c5c6eebdb7cc1b2f.dividers-on article {\n    border: none;\n  }\n  .blog-shortcode.blog-list-shortcode-id-a85e26139d8a0ab8c5c6eebdb7cc1b2f.content-bg-on.centered-layout-list article {\n    padding: 0;\n  }\n  .blog-shortcode.blog-list-shortcode-id-a85e26139d8a0ab8c5c6eebdb7cc1b2f.blog-shortcode.dividers-on article,\n  .blog-shortcode.blog-list-shortcode-id-a85e26139d8a0ab8c5c6eebdb7cc1b2f.dividers-on.classic-layout-list article {\n    margin-top: 20px;\n    padding: 0;\n  }\n  .blog-shortcode.blog-list-shortcode-id-a85e26139d8a0ab8c5c6eebdb7cc1b2f.blog-shortcode.dividers-on article:first-of-type,\n  .blog-shortcode.blog-list-shortcode-id-a85e26139d8a0ab8c5c6eebdb7cc1b2f.dividers-on.classic-layout-list article:first-of-type {\n    padding: 0;\n  }\n  #page .blog-shortcode.blog-list-shortcode-id-a85e26139d8a0ab8c5c6eebdb7cc1b2f .post-thumbnail-wrap,\n  #page .blog-shortcode.blog-list-shortcode-id-a85e26139d8a0ab8c5c6eebdb7cc1b2f .post-entry-content {\n    width: 100%;\n    margin: 0;\n    top: 0;\n  }\n  #page .blog-shortcode.blog-list-shortcode-id-a85e26139d8a0ab8c5c6eebdb7cc1b2f .post-thumbnail-wrap {\n    padding: 0;\n  }\n  #page .blog-shortcode.blog-list-shortcode-id-a85e26139d8a0ab8c5c6eebdb7cc1b2f .post-entry-content:after {\n    display: none;\n  }\n  #page .blog-shortcode.blog-list-shortcode-id-a85e26139d8a0ab8c5c6eebdb7cc1b2f .project-even .post-thumbnail-wrap,\n  #page .blog-shortcode.blog-list-shortcode-id-a85e26139d8a0ab8c5c6eebdb7cc1b2f.centered-layout-list .post-thumbnail-wrap {\n    -ms-flex-order: 0;\n    order: 0;\n  }\n  #page .blog-shortcode.blog-list-shortcode-id-a85e26139d8a0ab8c5c6eebdb7cc1b2f.centered-layout-list .post-entry-title-content {\n    -ms-flex-order: 1;\n    order: 1;\n    width: 100%;\n    padding: 20px 20px 0;\n  }\n  #page .blog-shortcode.blog-list-shortcode-id-a85e26139d8a0ab8c5c6eebdb7cc1b2f.centered-layout-list .post-entry-content {\n    -ms-flex-order: 2;\n    order: 2;\n    padding-top: 0;\n  }\n  #page .blog-shortcode.blog-list-shortcode-id-a85e26139d8a0ab8c5c6eebdb7cc1b2f .fancy-categories {\n    top: 10px;\n    left: 10px;\n    bottom: auto;\n    right: auto;\n  }\n  #page .blog-shortcode.blog-list-shortcode-id-a85e26139d8a0ab8c5c6eebdb7cc1b2f .fancy-date a {\n    top: 10px;\n    right: 10px;\n    left: auto;\n    bottom: auto;\n  }\n  #page .blog-shortcode.blog-list-shortcode-id-a85e26139d8a0ab8c5c6eebdb7cc1b2f .post-entry-content {\n    padding: 20px;\n  }\n  #page .blog-shortcode.blog-list-shortcode-id-a85e26139d8a0ab8c5c6eebdb7cc1b2f .entry-title {\n    margin: 3px 0 5px;\n    font-size: 20px;\n    line-height: 26px;\n  }\n  #page .blog-shortcode.blog-list-shortcode-id-a85e26139d8a0ab8c5c6eebdb7cc1b2f .entry-meta {\n    margin: 5px 0 5px;\n  }\n  #page .blog-shortcode.blog-list-shortcode-id-a85e26139d8a0ab8c5c6eebdb7cc1b2f .entry-excerpt {\n    margin: 15px 0 0;\n  }\n  #page .blog-shortcode.blog-list-shortcode-id-a85e26139d8a0ab8c5c6eebdb7cc1b2f .post-details {\n    margin: 5px 0 10px;\n  }\n  #page .blog-shortcode.blog-list-shortcode-id-a85e26139d8a0ab8c5c6eebdb7cc1b2f .post-details.details-type-link {\n    margin-bottom: 2px;\n  }\n}\n<\/style><div class=\"articles-list blog-shortcode mode-list blog-list-shortcode-id-a85e26139d8a0ab8c5c6eebdb7cc1b2f side-overlap-layout-list jquery-filter scale-img dt-icon-bg-off loading-effect-fade-in\" data-cur-page=\"1\" data-post-limit=\"-1\" data-pagination-mode=\"none\"><article class=\"post project-even visible post-2044 type-post status-publish format-standard has-post-thumbnail hentry category-offerte-de category-19 description-off\" data-name=\"\ud83d\udce7 Immer \u00fcber unsere exklusiven Angebote informiert bleiben\" data-date=\"2025-11-13T12:37:33+01:00\">\n\n<div class=\"post-thumbnail-wrap\">\n\t<div class=\"post-thumbnail\">\n\n\t\t\n\t\t\n\t\t<a href=\"https:\/\/www.hotellasiestajesolo.com\/de\/immer-ueber-unsere-exklusiven-angebote-informiert-bleiben\/\" class=\"post-thumbnail-rollover layzr-bg layzr-bg\" ><img fetchpriority=\"high\" decoding=\"async\" class=\"blog-thumb-lazy-load preload-me lazy-load aspect\" src=\"data:image\/svg+xml,%3Csvg%20xmlns%3D&#39;http%3A%2F%2Fwww.w3.org%2F2000%2Fsvg&#39;%20viewBox%3D&#39;0%200%20768%20512&#39;%2F%3E\" data-src=\"https:\/\/www.hotellasiestajesolo.com\/wp-content\/uploads\/2025\/11\/fantasy-ga04b28c68_1920-768x512.jpg\" data-srcset=\"https:\/\/www.hotellasiestajesolo.com\/wp-content\/uploads\/2025\/11\/fantasy-ga04b28c68_1920-768x512.jpg 768w, https:\/\/www.hotellasiestajesolo.com\/wp-content\/uploads\/2025\/11\/fantasy-ga04b28c68_1920-1306x870.jpg 1306w\" loading=\"eager\" style=\"--ratio: 768 \/ 512\" sizes=\"(max-width: 768px) 100vw, 768px\" alt=\"\" title=\"fantasy-ga04b28c68_1920\" width=\"768\" height=\"512\"  \/><\/a>\n\t<\/div>\n<\/div>\n\n\n<div class=\"post-entry-content\">\n\n\t<h3 class=\"entry-title\">\n\t\t<a href=\"https:\/\/www.hotellasiestajesolo.com\/de\/immer-ueber-unsere-exklusiven-angebote-informiert-bleiben\/\" title=\"\ud83d\udce7 Immer \u00fcber unsere exklusiven Angebote informiert bleiben\" rel=\"bookmark\">\ud83d\udce7 Immer \u00fcber unsere exklusiven Angebote informiert bleiben<\/a>\n\t<\/h3>\n\n\t\n\t<div class=\"entry-excerpt\"><p>[vc_row][vc_column][vc_column_text css=&#8220;&#8220;] Exklusive Angebote nur f\u00fcr Direktbucher des Hotel La Siesta*** Abonnieren Sie unseren Newsletter, um im Voraus die besten Angebote, Sonderpakete und exklusive Vorteile zu erhalten, die nur G\u00e4sten vorbehalten sind, die direkt bei uns buchen. Verpassen Sie keine einzigartigen M\u00f6glichkeiten, die Ihren Aufenthalt in Jesolo unvergesslich machen. Hier klicken, um den Newsletter zu&hellip;<\/p>\n<\/div>\n\t\n<a href=\"https:\/\/www.hotellasiestajesolo.com\/de\/immer-ueber-unsere-exklusiven-angebote-informiert-bleiben\/\" class=\"dt-btn-s dt-btn post-details details-type-btn\" aria-label=\"Lesen Sie mehr \u00fcber \ud83d\udce7 Immer \u00fcber unsere exklusiven Angebote informiert bleiben\">ANGEBOT ANZEIGEN<i class=\"dt-icon-the7-arrow-03\" aria-hidden=\"true\"><\/i><\/a>\n\n<\/div><\/article><article class=\"post project-even visible post-1605 type-post status-publish format-standard has-post-thumbnail hentry category-offerte-de category-19 description-off\" data-name=\"Easy Sunday \u2013 Eine Nacht der Entspannung\" data-date=\"2025-10-29T16:17:18+01:00\">\n\n<div class=\"post-thumbnail-wrap\">\n\t<div class=\"post-thumbnail\">\n\n\t\t\n\t\t\n\t\t<a href=\"https:\/\/www.hotellasiestajesolo.com\/de\/easy-sunday-eine-nacht-der-entspannung\/\" class=\"post-thumbnail-rollover layzr-bg layzr-bg\" ><img decoding=\"async\" class=\"blog-thumb-lazy-load preload-me lazy-load aspect\" src=\"data:image\/svg+xml,%3Csvg%20xmlns%3D&#39;http%3A%2F%2Fwww.w3.org%2F2000%2Fsvg&#39;%20viewBox%3D&#39;0%200%20768%20512&#39;%2F%3E\" data-src=\"https:\/\/www.hotellasiestajesolo.com\/wp-content\/uploads\/2025\/10\/Easy-Sunday-Siesta-768x512.jpg\" data-srcset=\"https:\/\/www.hotellasiestajesolo.com\/wp-content\/uploads\/2025\/10\/Easy-Sunday-Siesta-768x512.jpg 768w, https:\/\/www.hotellasiestajesolo.com\/wp-content\/uploads\/2025\/10\/Easy-Sunday-Siesta-1306x870.jpg 1306w\" loading=\"eager\" style=\"--ratio: 768 \/ 512\" sizes=\"(max-width: 768px) 100vw, 768px\" alt=\"\" title=\"Easy Sunday Siesta\" width=\"768\" height=\"512\"  \/><\/a>\n\t<\/div>\n<\/div>\n\n\n<div class=\"post-entry-content\">\n\n\t<h3 class=\"entry-title\">\n\t\t<a href=\"https:\/\/www.hotellasiestajesolo.com\/de\/easy-sunday-eine-nacht-der-entspannung\/\" title=\"Easy Sunday \u2013 Eine Nacht der Entspannung\" rel=\"bookmark\">Easy Sunday \u2013 Eine Nacht der Entspannung<\/a>\n\t<\/h3>\n\n\t\n\t<div class=\"entry-excerpt\"><p>[vc_row][vc_column][vc_column_text css=&#8220;&#8220;] Ein ganzer Sonntag nur f\u00fcr Sie, ohne Eile und ohne Sorgen. Mit dem Easy Sunday Angebot k\u00f6nnen Sie jeden Sonntag zu einem Sonderpreis \u00fcbernachten, ohne Mindestaufenthalt. Beginnen Sie Ihren Urlaub schon am Morgen: ab 11:00 Uhr haben Sie sofortigen Zugang zu:\u2022 Ihrem privaten Strandplatz, Ihr exklusiver R\u00fcckzugsort im Sand.\u2022 Inklusive Parkplatz, bequem und&hellip;<\/p>\n<\/div>\n\t\n<a href=\"https:\/\/www.hotellasiestajesolo.com\/de\/easy-sunday-eine-nacht-der-entspannung\/\" class=\"dt-btn-s dt-btn post-details details-type-btn\" aria-label=\"Lesen Sie mehr \u00fcber Easy Sunday \u2013 Eine Nacht der Entspannung\">ANGEBOT ANZEIGEN<i class=\"dt-icon-the7-arrow-03\" aria-hidden=\"true\"><\/i><\/a>\n\n<\/div><\/article><article class=\"post project-even visible post-1479 type-post status-publish format-standard has-post-thumbnail hentry category-offerte-de category-19 description-off\" data-name=\"Nur auf der offiziellen Website: der beste Preis, garantiert!\" data-date=\"2025-09-19T16:12:42+02:00\">\n\n<div class=\"post-thumbnail-wrap\">\n\t<div class=\"post-thumbnail\">\n\n\t\t\n\t\t\n\t\t<a href=\"https:\/\/www.hotellasiestajesolo.com\/de\/nur-auf-der-offiziellen-website-der-beste-preis-garantiert\/\" class=\"post-thumbnail-rollover layzr-bg layzr-bg\" ><img decoding=\"async\" class=\"blog-thumb-lazy-load preload-me lazy-load aspect\" src=\"data:image\/svg+xml,%3Csvg%20xmlns%3D&#39;http%3A%2F%2Fwww.w3.org%2F2000%2Fsvg&#39;%20viewBox%3D&#39;0%200%20768%20512&#39;%2F%3E\" data-src=\"https:\/\/www.hotellasiestajesolo.com\/wp-content\/uploads\/2025\/09\/ai-generated-8846479_1920-768x512.jpg\" data-srcset=\"https:\/\/www.hotellasiestajesolo.com\/wp-content\/uploads\/2025\/09\/ai-generated-8846479_1920-768x512.jpg 768w, https:\/\/www.hotellasiestajesolo.com\/wp-content\/uploads\/2025\/09\/ai-generated-8846479_1920-1306x870.jpg 1306w\" loading=\"eager\" style=\"--ratio: 768 \/ 512\" sizes=\"(max-width: 768px) 100vw, 768px\" alt=\"\" title=\"ai-generated-8846479_1920\" width=\"768\" height=\"512\"  \/><\/a>\n\t<\/div>\n<\/div>\n\n\n<div class=\"post-entry-content\">\n\n\t<h3 class=\"entry-title\">\n\t\t<a href=\"https:\/\/www.hotellasiestajesolo.com\/de\/nur-auf-der-offiziellen-website-der-beste-preis-garantiert\/\" title=\"Nur auf der offiziellen Website: der beste Preis, garantiert!\" rel=\"bookmark\">Nur auf der offiziellen Website: der beste Preis, garantiert!<\/a>\n\t<\/h3>\n\n\t\n\t<div class=\"entry-excerpt\"><p>[vc_row][vc_column][vc_column_text css=&#8220;&#8220;] Buchen Sie jetzt und erleben Sie den Zauber des Meeres mit exklusiven Vorteilen. Wenn Sie direkt \u00fcber unsere offizielle Website buchen, erhalten Sie garantiert den besten online verf\u00fcgbaren Preis f\u00fcr Ihren Aufenthalt. Haben Sie anderswo einen g\u00fcnstigeren Preis gefunden? Wenn es sich um denselben Zimmertyp, dieselben Daten und unser Hotel handelt, garantieren wir&hellip;<\/p>\n<\/div>\n\t\n<a href=\"https:\/\/www.hotellasiestajesolo.com\/de\/nur-auf-der-offiziellen-website-der-beste-preis-garantiert\/\" class=\"dt-btn-s dt-btn post-details details-type-btn\" aria-label=\"Lesen Sie mehr \u00fcber Nur auf der offiziellen Website: der beste Preis, garantiert!\">ANGEBOT ANZEIGEN<i class=\"dt-icon-the7-arrow-03\" aria-hidden=\"true\"><\/i><\/a>\n\n<\/div><\/article><\/div>[\/vc_column][\/vc_row]<\/p>\n<\/div>","protected":false},"excerpt":{"rendered":"<p>[vc_row full_width=&#8220;stretch_row_content&#8220;][vc_column][vc_raw_html]JTNDZGl2JTIwY2xhc3MlM0QlMjJhcnJvdy13cmFwcGVyJTIyJTNFJTNDZGl2JTIwY2xhc3MlM0QlMjJhcnJvdyUyMiUzRSUzQyUyRmRpdiUzRSUzQyUyRmRpdiUzRQ==[\/vc_raw_html][\/vc_column][\/vc_row][vc_row full_width=&#8220;stretch_row_content&#8220;][vc_column][vc_empty_space height=&#8220;100px&#8220;][vc_column_text css=&#8220;&#8220;] ANGEBOTE [\/vc_column_text][vc_empty_space height=&#8220;50px&#8220;][\/vc_column][\/vc_row][vc_row css=&#8220;.vc_custom_1605484638015{padding-bottom: 110px !important;}&#8220;][vc_column][\/vc_column][\/vc_row]<\/p>\n","protected":false},"author":2,"featured_media":0,"parent":0,"menu_order":0,"comment_status":"closed","ping_status":"closed","template":"","meta":{"footnotes":""},"class_list":["post-1024","page","type-page","status-publish","hentry","description-off"],"_links":{"self":[{"href":"https:\/\/www.hotellasiestajesolo.com\/de\/wp-json\/wp\/v2\/pages\/1024","targetHints":{"allow":["GET"]}}],"collection":[{"href":"https:\/\/www.hotellasiestajesolo.com\/de\/wp-json\/wp\/v2\/pages"}],"about":[{"href":"https:\/\/www.hotellasiestajesolo.com\/de\/wp-json\/wp\/v2\/types\/page"}],"author":[{"embeddable":true,"href":"https:\/\/www.hotellasiestajesolo.com\/de\/wp-json\/wp\/v2\/users\/2"}],"replies":[{"embeddable":true,"href":"https:\/\/www.hotellasiestajesolo.com\/de\/wp-json\/wp\/v2\/comments?post=1024"}],"version-history":[{"count":4,"href":"https:\/\/www.hotellasiestajesolo.com\/de\/wp-json\/wp\/v2\/pages\/1024\/revisions"}],"predecessor-version":[{"id":1635,"href":"https:\/\/www.hotellasiestajesolo.com\/de\/wp-json\/wp\/v2\/pages\/1024\/revisions\/1635"}],"wp:attachment":[{"href":"https:\/\/www.hotellasiestajesolo.com\/de\/wp-json\/wp\/v2\/media?parent=1024"}],"curies":[{"name":"wp","href":"https:\/\/api.w.org\/{rel}","templated":true}]}}