{"id":1062,"date":"2025-01-21T16:47:42","date_gmt":"2025-01-21T15:47:42","guid":{"rendered":"https:\/\/www.hotellasiestajesolo.com\/faq\/"},"modified":"2026-04-17T10:34:19","modified_gmt":"2026-04-17T08:34:19","slug":"faq","status":"publish","type":"page","link":"https:\/\/www.hotellasiestajesolo.com\/de\/faq\/","title":{"rendered":"FAQ"},"content":{"rendered":"<div class=\"wpb-content-wrapper\"><p>[vc_row full_width=&#8220;stretch_row_content&#8220;][vc_column]\n\t\t\t<!-- START gallery REVOLUTION SLIDER 6.7.5 --><p class=\"rs-p-wp-fix\"><\/p>\n\t\t\t<rs-module-wrap id=\"rev_slider_6_1_wrapper\" data-source=\"gallery\" style=\"visibility:hidden;background:transparent;padding:0;\">\n\t\t\t\t<rs-module id=\"rev_slider_6_1\" style=\"\" data-version=\"6.7.5\">\n\t\t\t\t\t<rs-slides style=\"overflow: hidden; position: absolute;\">\n\t\t\t\t\t\t<rs-slide style=\"position: absolute;\" data-key=\"rs-14\" data-title=\"Slide\" data-in=\"o:0;\" data-out=\"a:false;\">\n\t\t\t\t\t\t\t<img decoding=\"async\" src=\"\/\/www.hotellasiestajesolo.com\/wp-content\/plugins\/revslider\/sr6\/assets\/assets\/dummy.png\" alt=\"\" title=\"SIESTA-_DNN8259\" width=\"2560\" height=\"1707\" class=\"rev-slidebg tp-rs-img rs-lazyload\" data-lazyload=\"\/\/www.hotellasiestajesolo.com\/wp-content\/uploads\/2024\/08\/SIESTA-_DNN8259.jpg\" data-no-retina>\n<!---->\t\t\t\t\t<\/rs-slide>\n\t\t\t\t\t<\/rs-slides>\n\t\t\t\t<\/rs-module>\n\t\t\t\t<script>\n\t\t\t\t\tsetREVStartSize({c: 'rev_slider_6_1',rl:[1240,1024,778,480],el:[900],gw:[1240],gh:[900],type:'standard',justify:'',layout:'fullscreen',offsetContainer:'',offset:'',mh:\"0\"});if (window.RS_MODULES!==undefined && window.RS_MODULES.modules!==undefined && window.RS_MODULES.modules[\"revslider61\"]!==undefined) {window.RS_MODULES.modules[\"revslider61\"].once = false;window.revapi6 = undefined;if (window.RS_MODULES.checkMinimal!==undefined) window.RS_MODULES.checkMinimal()}\n\t\t\t\t<\/script>\n\t\t\t<\/rs-module-wrap>\n\t\t\t<!-- END REVOLUTION SLIDER -->\n[vc_raw_html]PGRpdiBjbGFzcz0iYXJyb3ctd3JhcHBlciI+PGRpdiBjbGFzcz0iYXJyb3ciPjwvZGl2PjwvZGl2Pg==[\/vc_raw_html][\/vc_column][\/vc_row][vc_row full_width=&#8220;stretch_row_content&#8220;][vc_column][vc_empty_space height=&#8220;100px&#8220;][vc_column_text css=&#8220;&#8220;]<\/p>\n<h1 style=\"text-align: center;\">F.A.Q.<\/h1>\n<p>[\/vc_column_text][vc_empty_space height=&#8220;50px&#8220;][\/vc_column][\/vc_row][vc_row full_width=&#8220;stretch_row&#8220; css=&#8220;.vc_custom_1737474619050{padding-top: 50px !important;padding-bottom: 50px !important;}&#8220;][vc_column][vc_column_text css=&#8220;&#8220;]<\/p>\n<h2>L&#8217;Hotel dispone di un parcheggio?<\/h2>\n<p>[\/vc_column_text][vc_empty_space height=&#8220;15px&#8220;][vc_column_text css=&#8220;&#8220;]<\/p>\n<p data-pm-slice=\"0 0 []\">Offriamo un parcheggio scoperto e recintato a 50 metri dall\u2019hotel, gratuito per gli ospiti che prenotano direttamente dal nostro sito ufficiale. \u00c8 disponibile dalle ore 11:00 del giorno di arrivo alle ore 10:30 del giorno di partenza. I posti non sono prenotabili e vengono assegnati al momento del check-in.<\/p>\n<p>All\u2019arrivo verr\u00e0 consegnata una chiave, con cauzione in contanti, restituita al check-out. Consigliamo di parcheggiare temporaneamente nei pressi dell\u2019hotel, dove riceverete tutte le indicazioni durante il check-in. In caso di arrivo anticipato, suggeriamo un parcheggio temporaneo fino alla disponibilit\u00e0 dei nostri posti.<\/p>\n<p>Per gli ospiti con auto elettriche, \u00e8 disponibile una stazione di ricarica a 300 metri dall\u2019hotel.[\/vc_column_text][\/vc_column][\/vc_row][vc_row full_width=&#8220;stretch_row&#8220; css=&#8220;.vc_custom_1737474619050{padding-top: 50px !important;padding-bottom: 50px !important;}&#8220;][vc_column][vc_column_text css=&#8220;&#8220;]<\/p>\n<h2>Quanto costa il posto spiaggia?<\/h2>\n<p>[\/vc_column_text][vc_empty_space height=&#8220;15px&#8220;][vc_column_text css=&#8220;&#8220;]<\/p>\n<p data-start=\"41\" data-end=\"171\">Solo prenotando su questo sito, il posto spiaggia costa \u20ac20,00 per la prima e seconda fila, \u20ac15,00 per la terza fila e \u20ac10,00 dalla quarta fila in poi. Il prezzo si intende al giorno.<\/p>\n<p data-start=\"173\" data-end=\"296\">\u00c8 disponibile su prenotazione anticipata fino ad esaurimento disponibilit\u00e0 e include 1 ombrellone e 2 lettini per camera.<\/p>\n<p data-start=\"298\" data-end=\"396\">Il servizio \u00e8 attivo dal giorno di arrivo (dalle ore 11:00) fino al giorno prima della partenza.<\/p>\n<p data-start=\"398\" data-end=\"518\">Desideri usufruire del posto spiaggia anche il giorno di partenza? Baster\u00e0 richiederlo in reception la mattina stessa!<\/p>\n<p data-start=\"520\" data-end=\"643\">In alternativa, \u00e8 possibile usufruire della spiaggia libera oppure prenotare direttamente presso l\u2019ufficio del Consorzio.<\/p>\n<p>[\/vc_column_text][\/vc_column][\/vc_row][vc_row full_width=&#8220;stretch_row&#8220; css=&#8220;.vc_custom_1737474619050{padding-top: 50px !important;padding-bottom: 50px !important;}&#8220;][vc_column][vc_column_text css=&#8220;&#8220;]<\/p>\n<h2>Quali sono gli orari di check-in e check-out?<\/h2>\n<p>[\/vc_column_text][vc_empty_space height=&#8220;15px&#8220;][vc_column_text css=&#8220;&#8220;]Die Check-in-Zeit in unserem Hotel beginnt um 14:00 Uhr am Anreisetag. Wir bitten Sie, uns im Voraus \u00fcber Ihre voraussichtliche Ankunftszeit zu informieren, damit wir den Check-in und die Registrierung effizient organisieren k\u00f6nnen. Im Falle einer fr\u00fchen Ankunft k\u00f6nnen Sie ab 11:00 Uhr Ihre Dokumente registrieren lassen, Ihr Gep\u00e4ck an der Rezeption abgeben und den Strand genie\u00dfen, w\u00e4hrend Sie darauf warten, dass Ihr Zimmer fertig ist. Der Check-out muss bis 10.30 Uhr am Abreisetag abgeschlossen sein. Bitte halten Sie sich an diesen Zeitplan, um die Reinigung und Vorbereitung f\u00fcr die n\u00e4chsten G\u00e4ste zu erleichtern.[\/vc_column_text][\/vc_column][\/vc_row][vc_row full_width=&#8220;stretch_row&#8220; css=&#8220;.vc_custom_1737474619050{padding-top: 50px !important;padding-bottom: 50px !important;}&#8220;][vc_column][vc_column_text css=&#8220;&#8220;]<\/p>\n<h2>Gli animali sono ammessi?<\/h2>\n<p>[\/vc_column_text][vc_empty_space height=&#8220;15px&#8220;][vc_column_text css=&#8220;&#8220;]Si, tutti gli animali domestici di piccola e media taglia sono i benvenuti e soggiornano gratuitamente qui all&#8217;Hotel La Siesta! Verr\u00e0 richiesto solo il pagamento una tantum di euro 20,00 (piccola taglia 0-10 kg) o euro 30,00 (media taglia 11-20 kg) per le pulizie finali con prodotti specifici per la sanificazione della stanza. Per motivi di spazio, non \u00e8 possibile accogliere animali di grande taglia.<\/p>\n<p>Ricordiamo che \u00e8 importante rispettare i regolamenti interni ed esterni all&#8217;hotel: \u00e8 vietato l&#8217;accesso alla sala colazione e alla nostra spiaggia privata.[\/vc_column_text][\/vc_column][\/vc_row]<\/p>\n<\/div>","protected":false},"excerpt":{"rendered":"<p>[vc_row full_width=&#8220;stretch_row_content&#8220;][vc_column][vc_raw_html]PGRpdiBjbGFzcz0iYXJyb3ctd3JhcHBlciI+PGRpdiBjbGFzcz0iYXJyb3ciPjwvZGl2PjwvZGl2Pg==[\/vc_raw_html][\/vc_column][\/vc_row][vc_row full_width=&#8220;stretch_row_content&#8220;][vc_column][vc_empty_space height=&#8220;100px&#8220;][vc_column_text css=&#8220;&#8220;] F.A.Q. [\/vc_column_text][vc_empty_space height=&#8220;50px&#8220;][\/vc_column][\/vc_row][vc_row full_width=&#8220;stretch_row&#8220; css=&#8220;.vc_custom_1737474619050{padding-top: 50px !important;padding-bottom: 50px !important;}&#8220;][vc_column][vc_column_text css=&#8220;&#8220;] L&#8217;Hotel dispone di un parcheggio? [\/vc_column_text][vc_empty_space height=&#8220;15px&#8220;][vc_column_text css=&#8220;&#8220;] Offriamo un parcheggio scoperto e recintato a 50 metri dall\u2019hotel, gratuito per gli ospiti che prenotano direttamente dal nostro sito ufficiale. \u00c8 disponibile dalle ore 11:00 del giorno di arrivo alle ore&hellip;<\/p>\n","protected":false},"author":1,"featured_media":0,"parent":0,"menu_order":0,"comment_status":"closed","ping_status":"closed","template":"","meta":{"footnotes":""},"class_list":["post-1062","page","type-page","status-publish","hentry","description-off"],"_links":{"self":[{"href":"https:\/\/www.hotellasiestajesolo.com\/de\/wp-json\/wp\/v2\/pages\/1062","targetHints":{"allow":["GET"]}}],"collection":[{"href":"https:\/\/www.hotellasiestajesolo.com\/de\/wp-json\/wp\/v2\/pages"}],"about":[{"href":"https:\/\/www.hotellasiestajesolo.com\/de\/wp-json\/wp\/v2\/types\/page"}],"author":[{"embeddable":true,"href":"https:\/\/www.hotellasiestajesolo.com\/de\/wp-json\/wp\/v2\/users\/1"}],"replies":[{"embeddable":true,"href":"https:\/\/www.hotellasiestajesolo.com\/de\/wp-json\/wp\/v2\/comments?post=1062"}],"version-history":[{"count":27,"href":"https:\/\/www.hotellasiestajesolo.com\/de\/wp-json\/wp\/v2\/pages\/1062\/revisions"}],"predecessor-version":[{"id":2391,"href":"https:\/\/www.hotellasiestajesolo.com\/de\/wp-json\/wp\/v2\/pages\/1062\/revisions\/2391"}],"wp:attachment":[{"href":"https:\/\/www.hotellasiestajesolo.com\/de\/wp-json\/wp\/v2\/media?parent=1062"}],"curies":[{"name":"wp","href":"https:\/\/api.w.org\/{rel}","templated":true}]}}