{"id":697,"date":"2024-04-22T16:35:38","date_gmt":"2024-04-22T14:35:38","guid":{"rendered":"https:\/\/www.hotellasiestajesolo.com\/home\/"},"modified":"2024-10-24T22:14:27","modified_gmt":"2024-10-24T20:14:27","slug":"home","status":"publish","type":"page","link":"https:\/\/www.hotellasiestajesolo.com\/de\/","title":{"rendered":"Home"},"content":{"rendered":"<div class=\"wpb-content-wrapper\"><p>[vc_row full_width=&#8220;stretch_row_content_no_spaces&#8220;][vc_column]\n\t\t\t<!-- START home REVOLUTION SLIDER 6.7.5 --><p class=\"rs-p-wp-fix\"><\/p>\n\t\t\t<rs-module-wrap id=\"rev_slider_2_1_wrapper\" data-source=\"gallery\" style=\"visibility:hidden;background:transparent;padding:0;\">\n\t\t\t\t<rs-module id=\"rev_slider_2_1\" style=\"\" data-version=\"6.7.5\">\n\t\t\t\t\t<rs-slides style=\"overflow: hidden; position: absolute;\">\n\t\t\t\t\t\t<rs-slide style=\"position: absolute;\" data-key=\"rs-6\" data-title=\"Slide\" data-in=\"o:0;\" data-out=\"a:false;\">\n\t\t\t\t\t\t\t<img decoding=\"async\" src=\"\/\/www.hotellasiestajesolo.com\/wp-content\/plugins\/revslider\/sr6\/assets\/assets\/dummy.png\" alt=\"\" title=\"SIESTA-_DNN8493-HDR\" width=\"2560\" height=\"1707\" class=\"rev-slidebg tp-rs-img rs-lazyload\" data-lazyload=\"\/\/www.hotellasiestajesolo.com\/wp-content\/uploads\/2024\/08\/SIESTA-_DNN8493-HDR.jpg\" data-no-retina>\n<!---->\t\t\t\t\t<\/rs-slide>\n\t\t\t\t\t\t<rs-slide style=\"position: absolute;\" data-key=\"rs-7\" data-title=\"Slide\" data-in=\"o:0;\" data-out=\"a:false;\">\n\t\t\t\t\t\t\t<img decoding=\"async\" src=\"\/\/www.hotellasiestajesolo.com\/wp-content\/plugins\/revslider\/sr6\/assets\/assets\/dummy.png\" alt=\"\" title=\"SIESTA-_DNN8449\" width=\"2560\" height=\"1707\" class=\"rev-slidebg tp-rs-img rs-lazyload\" data-lazyload=\"\/\/www.hotellasiestajesolo.com\/wp-content\/uploads\/2024\/08\/SIESTA-_DNN8449.jpg\" data-no-retina>\n<!---->\t\t\t\t\t<\/rs-slide>\n\t\t\t\t\t\t<rs-slide style=\"position: absolute;\" data-key=\"rs-8\" data-title=\"Slide\" data-in=\"o:0;\" data-out=\"a:false;\">\n\t\t\t\t\t\t\t<img decoding=\"async\" src=\"\/\/www.hotellasiestajesolo.com\/wp-content\/plugins\/revslider\/sr6\/assets\/assets\/dummy.png\" alt=\"\" title=\"SIESTA-_DNN8288-HDR\" width=\"2560\" height=\"1707\" class=\"rev-slidebg tp-rs-img rs-lazyload\" data-lazyload=\"\/\/www.hotellasiestajesolo.com\/wp-content\/uploads\/2024\/08\/SIESTA-_DNN8288-HDR.jpg\" data-no-retina>\n<!---->\t\t\t\t\t<\/rs-slide>\n\t\t\t\t\t\t<rs-slide style=\"position: absolute;\" data-key=\"rs-9\" data-title=\"Slide\" data-in=\"o:0;\" data-out=\"a:false;\">\n\t\t\t\t\t\t\t<img decoding=\"async\" src=\"\/\/www.hotellasiestajesolo.com\/wp-content\/plugins\/revslider\/sr6\/assets\/assets\/dummy.png\" alt=\"\" title=\"SIESTA-_DNN8198\" width=\"2560\" height=\"1707\" class=\"rev-slidebg tp-rs-img rs-lazyload\" data-lazyload=\"\/\/www.hotellasiestajesolo.com\/wp-content\/uploads\/2024\/08\/SIESTA-_DNN8198.jpg\" data-no-retina>\n<!---->\t\t\t\t\t<\/rs-slide>\n\t\t\t\t\t\t<rs-slide style=\"position: absolute;\" data-key=\"rs-10\" data-title=\"Slide\" data-in=\"o:0;\" data-out=\"a:false;\">\n\t\t\t\t\t\t\t<img decoding=\"async\" src=\"\/\/www.hotellasiestajesolo.com\/wp-content\/plugins\/revslider\/sr6\/assets\/assets\/dummy.png\" alt=\"\" title=\"SIESTA-_DNN8413-HDR\" width=\"2560\" height=\"1707\" class=\"rev-slidebg tp-rs-img rs-lazyload\" data-lazyload=\"\/\/www.hotellasiestajesolo.com\/wp-content\/uploads\/2024\/08\/SIESTA-_DNN8413-HDR.jpg\" data-no-retina>\n<!---->\t\t\t\t\t<\/rs-slide>\n\t\t\t\t\t<\/rs-slides>\n\t\t\t\t<\/rs-module>\n\t\t\t\t<script>\n\t\t\t\t\tsetREVStartSize({c: 'rev_slider_2_1',rl:[1240,1024,778,480],el:[900],gw:[1240],gh:[900],type:'standard',justify:'',layout:'fullscreen',offsetContainer:'',offset:'',mh:\"0\"});if (window.RS_MODULES!==undefined && window.RS_MODULES.modules!==undefined && window.RS_MODULES.modules[\"revslider21\"]!==undefined) {window.RS_MODULES.modules[\"revslider21\"].once = false;window.revapi2 = undefined;if (window.RS_MODULES.checkMinimal!==undefined) window.RS_MODULES.checkMinimal()}\n\t\t\t\t<\/script>\n\t\t\t<\/rs-module-wrap>\n\t\t\t<!-- END REVOLUTION SLIDER -->\n[vc_raw_html]PGRpdiBjbGFzcz0iYXJyb3ctd3JhcHBlciI+PGRpdiBjbGFzcz0iYXJyb3ciPjwvZGl2PjwvZGl2Pg==[\/vc_raw_html][\/vc_column][\/vc_row][vc_row content_placement=&#8220;middle&#8220; css=&#8220;.vc_custom_1617299287830{padding-top: 60px !important;padding-bottom: 80px !important;}&#8220;][vc_column width=&#8220;1\/2&#8243;][vc_column_text css=&#8220;&#8220;]<\/p>\n<h2>Hotel La Siesta &#8211; Jesolo<\/h2>\n<p>[\/vc_column_text][vc_empty_space][vc_column_text css=&#8220;&#8220;]Herzliche WILKOMMEN IN \u201cHOTEL LA SIESTA\u201d , wo das neue Hotelmanegment \u201cHerr Facco Antonio\u201d erwarten Sie. Herr Facco Antonio ist Professionell in der Welt des Tourismus seit 2005 und mit Hotel La Siesta Staff bietet eine gem\u00fctliche und freundliche Atmosph\u00e4re f\u00fcr alle G\u00e4ste.<br \/>\nWir sind da, um Ihnen den besten Empfang zu bereiten und wir m\u00f6chten sicher sein, dass Ihr Aufenthalts unvergesslich, fr\u00f6hlich und entspannende wird sein.<br \/>\nZu Ihrer Verf\u00fcgung stehen Schwimmbad, private Strand und freier Fahrradverleih um die Geheimnisse der Natur zu endecken. Wir freuen uns, Sie auf unserere externe sch\u00f6ne Terrasse begr\u00fc\u00dfen zu d\u00fcrfen, wo Sie getr\u00e4nke und Snacks genie\u00dfen k\u00f6nnen.<br \/>\nUnd bitte Vergessen Sie nicht unsere k\u00f6stliche \u201cSpeerspitze\u201d: Ein leckeres kontinentales Fr\u00fchst\u00fccksbuffet mit hausgemachten Kuchen, um einen guten Start in den Tag zu haben.[\/vc_column_text][vc_empty_space height=&#8220;10px&#8220;][\/vc_column][vc_column width=&#8220;1\/2&#8243;][vc_single_image image=&#8220;293&#8243; img_size=&#8220;600&#215;500&#8243; alignment=&#8220;center&#8220; onclick=&#8220;link_image&#8220; css=&#8220;&#8220;][\/vc_column][\/vc_row][vc_row content_placement=&#8220;middle&#8220; css=&#8220;.vc_custom_1617299287830{padding-top: 60px !important;padding-bottom: 80px !important;}&#8220;][vc_column width=&#8220;1\/2&#8243;][vc_single_image image=&#8220;737&#8243; img_size=&#8220;600&#215;500&#8243; alignment=&#8220;center&#8220; onclick=&#8220;link_image&#8220; css=&#8220;&#8220;][\/vc_column][vc_column width=&#8220;1\/2&#8243;][vc_column_text css=&#8220;&#8220;]Hotel La Siesta ist in eine strategische Lage: Venedig, das Caribe Bay (einer der gr\u00f6\u00dften Wasserparks in Europa), Tropicarium Park, Luna Park \u201cNew Jesolandia\u201d und vieles mehr sind leicht zu erreichnen. Da Bus Haltestelle in der N\u00e4he liegt.<br \/>\nJolly Roger, das ber\u00fchmte und lustige Piratenschiff, wartet Erwachsene und Kinder um Unvergessliche und unterhaltsame Erlebnisse anbieten.<br \/>\nIn der N\u00e4he des Hotels befindet sich auch der ber\u00fchmte Spiaggia del Faro &#8222;Lighthouser Strand&#8220; bekannte f\u00fcr prestigetr\u00e4chtige Sportveranstaltungen wie der Ironman und Sommerkonzerte. Das Hotel liegt in eine strategische Lage zwischen Entspannung und Spa\u00df, um Ihren Aufenthalt unvergesslich zu erhalten.<br \/>\nIm Sommer, am Abend, steht den pittoresken kleinen Zug\u201dPendolino\u201d zu Ihrer Verf\u00fcgung, um der Fu\u00dfg\u00e4ngerzone \u201cVia Bafile\u201d zu besuchen.[\/vc_column_text][vc_empty_space height=&#8220;10px&#8220;][\/vc_column][\/vc_row]<\/p>\n<\/div>","protected":false},"excerpt":{"rendered":"<p>[vc_row full_width=&#8220;stretch_row_content_no_spaces&#8220;][vc_column][vc_raw_html]PGRpdiBjbGFzcz0iYXJyb3ctd3JhcHBlciI+PGRpdiBjbGFzcz0iYXJyb3ciPjwvZGl2PjwvZGl2Pg==[\/vc_raw_html][\/vc_column][\/vc_row][vc_row content_placement=&#8220;middle&#8220; css=&#8220;.vc_custom_1617299287830{padding-top: 60px !important;padding-bottom: 80px !important;}&#8220;][vc_column width=&#8220;1\/2&#8243;][vc_column_text css=&#8220;&#8220;] Hotel La Siesta &#8211; Jesolo [\/vc_column_text][vc_empty_space][vc_column_text css=&#8220;&#8220;]Herzliche WILKOMMEN IN \u201cHOTEL LA SIESTA\u201d , wo das neue Hotelmanegment \u201cHerr Facco Antonio\u201d erwarten Sie. Herr Facco Antonio ist Professionell in der Welt des Tourismus seit 2005 und mit Hotel La Siesta Staff bietet eine gem\u00fctliche und freundliche&hellip;<\/p>\n","protected":false},"author":1,"featured_media":0,"parent":0,"menu_order":0,"comment_status":"closed","ping_status":"closed","template":"","meta":{"footnotes":""},"class_list":["post-697","page","type-page","status-publish","hentry","description-off"],"_links":{"self":[{"href":"https:\/\/www.hotellasiestajesolo.com\/de\/wp-json\/wp\/v2\/pages\/697","targetHints":{"allow":["GET"]}}],"collection":[{"href":"https:\/\/www.hotellasiestajesolo.com\/de\/wp-json\/wp\/v2\/pages"}],"about":[{"href":"https:\/\/www.hotellasiestajesolo.com\/de\/wp-json\/wp\/v2\/types\/page"}],"author":[{"embeddable":true,"href":"https:\/\/www.hotellasiestajesolo.com\/de\/wp-json\/wp\/v2\/users\/1"}],"replies":[{"embeddable":true,"href":"https:\/\/www.hotellasiestajesolo.com\/de\/wp-json\/wp\/v2\/comments?post=697"}],"version-history":[{"count":4,"href":"https:\/\/www.hotellasiestajesolo.com\/de\/wp-json\/wp\/v2\/pages\/697\/revisions"}],"predecessor-version":[{"id":800,"href":"https:\/\/www.hotellasiestajesolo.com\/de\/wp-json\/wp\/v2\/pages\/697\/revisions\/800"}],"wp:attachment":[{"href":"https:\/\/www.hotellasiestajesolo.com\/de\/wp-json\/wp\/v2\/media?parent=697"}],"curies":[{"name":"wp","href":"https:\/\/api.w.org\/{rel}","templated":true}]}}