{"id":701,"date":"2024-08-13T11:07:05","date_gmt":"2024-08-13T09:07:05","guid":{"rendered":"https:\/\/www.hotellasiestajesolo.com\/services\/"},"modified":"2025-05-15T14:52:28","modified_gmt":"2025-05-15T12:52:28","slug":"services","status":"publish","type":"page","link":"https:\/\/www.hotellasiestajesolo.com\/de\/services\/","title":{"rendered":"Services"},"content":{"rendered":"<div class=\"wpb-content-wrapper\"><p>[vc_row full_width=&#8220;stretch_row_content&#8220;][vc_column]\n\t\t\t<!-- START vicinanze REVOLUTION SLIDER 6.7.5 --><p class=\"rs-p-wp-fix\"><\/p>\n\t\t\t<rs-module-wrap id=\"rev_slider_1_1_wrapper\" data-source=\"gallery\" style=\"visibility:hidden;background:transparent;padding:0;\">\n\t\t\t\t<rs-module id=\"rev_slider_1_1\" style=\"\" data-version=\"6.7.5\">\n\t\t\t\t\t<rs-slides style=\"overflow: hidden; position: absolute;\">\n\t\t\t\t\t\t<rs-slide style=\"position: absolute;\" data-key=\"rs-1\" data-title=\"Slide\" data-in=\"o:0;\" data-out=\"a:false;\">\n\t\t\t\t\t\t\t<img decoding=\"async\" src=\"\/\/www.hotellasiestajesolo.com\/wp-content\/plugins\/revslider\/sr6\/assets\/assets\/dummy.png\" alt=\"\" title=\"SIESTA-_DNN8246\" width=\"2560\" height=\"1707\" class=\"rev-slidebg tp-rs-img rs-lazyload\" data-lazyload=\"\/\/www.hotellasiestajesolo.com\/wp-content\/uploads\/2024\/08\/SIESTA-_DNN8246.jpg\" data-no-retina>\n<!---->\t\t\t\t\t<\/rs-slide>\n\t\t\t\t\t<\/rs-slides>\n\t\t\t\t<\/rs-module>\n\t\t\t\t<script>\n\t\t\t\t\tsetREVStartSize({c: 'rev_slider_1_1',rl:[1240,1024,778,480],el:[900],gw:[1240],gh:[900],type:'standard',justify:'',layout:'fullscreen',offsetContainer:'',offset:'',mh:\"0\"});if (window.RS_MODULES!==undefined && window.RS_MODULES.modules!==undefined && window.RS_MODULES.modules[\"revslider11\"]!==undefined) {window.RS_MODULES.modules[\"revslider11\"].once = false;window.revapi1 = undefined;if (window.RS_MODULES.checkMinimal!==undefined) window.RS_MODULES.checkMinimal()}\n\t\t\t\t<\/script>\n\t\t\t<\/rs-module-wrap>\n\t\t\t<!-- END REVOLUTION SLIDER -->\n[vc_raw_html]PGRpdiBjbGFzcz0iYXJyb3ctd3JhcHBlciI+PGRpdiBjbGFzcz0iYXJyb3ciPjwvZGl2PjwvZGl2Pg==[\/vc_raw_html][\/vc_column][\/vc_row][vc_row full_width=&#8220;stretch_row_content&#8220;][vc_column][vc_empty_space height=&#8220;100px&#8220;][vc_column_text css=&#8220;&#8220;]<\/p>\n<h1 style=\"text-align: center;\">SERVICES<\/h1>\n<p>[\/vc_column_text][vc_empty_space height=&#8220;50px&#8220;][\/vc_column][\/vc_row][vc_row css=&#8220;.vc_custom_1547553006946{padding-top: 10px !important;padding-bottom: 50px !important;}&#8220;][vc_column][vc_column_text css=&#8220;&#8220;]Hotel la Siesta begr\u00fcsst Sie mit Freundlichkeit, ein charakteristisches Merkmal sehr wichtig f\u00fcr Herr Facco und sein Staff. Kundenbetreung und Freundlichkeit sind grundlegend um Ihnen ein Erlebnis zwischen Komfort und Tradition anbieten.<\/p>\n<ul>\n<li><strong>Terrassen-Bar<\/strong><br \/>\nDas Terrasse-Bar begr\u00fc\u00dft die G\u00e4ste von Fr\u00fcst\u00fcckszeit bis Abend. So k\u00f6nnen die liebe G\u00e4ste am Morgen drau\u00dfen fr\u00fchst\u00fccken und am Abend k\u00f6stliche Getr\u00e4nke genie\u00dfen.<br \/>\nModerne Einrichtung und aufmerksame Bedienung ist das Terrasse-Bar die perfekte Lage um gem\u00fctliche Sommerabende zu Verbringen.<\/li>\n<li><strong>Schwimmbad<\/strong><br \/>\nDer Pool des Hotels La Siesta ist von Mitte Mai bis Mitte September ge\u00f6ffnet. Die saisonale \u00d6ffnung h\u00e4ngt von den Wetterbedingungen und Temperaturen ab. An hei\u00dfen Sommertagen bietet er eine Oase der Entspannung in einer ruhigen und gut gepflegten Umgebung. Perfekt zum Abk\u00fchlen oder Entspannen, der Pool ist im Freien und hat Umgebungstemperatur.<\/li>\n<li><strong>Der Strand<\/strong><br \/>\nDas Hotel La Siesta in Jesolo bietet allen G\u00e4sten kostenlosen Zugang zum Strand, mit einem Sonnenschirm und 2 Liegest\u00fchlen pro Zimmer. Der Strand befindet sich nur 100 Meter vom Hotel entfernt und ist \u00fcber den direkten Zugang zum Meer neben dem Hotel bequem erreichbar. Er wurde mit der prestigetr\u00e4chtigen Blauen Flagge ausgezeichnet, die f\u00fcr Sauberkeit, Sicherheit und Umweltfreundlichkeit steht und ein erstklassiges Strand-Erlebnis garantiert.<\/li>\n<li><strong>Parkplatz<\/strong><br \/>\nDas Hotel La Siesta bietet kostenlose Parkpl\u00e4tze f\u00fcr Kunden, die direkt buchen<br \/>\nParkplatz ist ca. 50 mt entfernt . Unsere Mitarbeiter werden Ihnen gerne alle Informationen mitteilen, so werden Sie eine bequeme und einfache Nutzung des Parkplatzes bekommen.<\/li>\n<li><strong>Fahrradverleih<\/strong><br \/>\nZu Verf\u00fcgung der G\u00e4ste sind Kostenloser Fahrradverleih um Jesolo Stadt zu besuchen.<\/li>\n<li><strong>Fr\u00fchst\u00fcck-Buffet<\/strong><br \/>\nUnser Fr\u00fchst\u00fccks-Buffet ist am Erdgescho\u00df ,mit Blick am Pool, anbietet<br \/>\nViele Kulinarische Gen\u00fcsse wie Getreid, Geschnetzeltes, Gem\u00fcse, frische Fr\u00fcchte der Saison, frische Lebensmittel und hausgemachte Kuchen werden t\u00e4glich angeboten sein.<br \/>\nWenn Sie fr\u00fcher der \u00d6ffnung des Fr\u00fchst\u00fccksraums abreisen sollen, gerne werden wir f\u00fcr Sie ein kostenlos \u201cFr\u00fchst\u00fcck-Paket\u201d vorbereiten (Vorverkauf am Vorabend).<\/li>\n<li><strong>Lift<\/strong><br \/>\nDas Hotel La Siesta verf\u00fcgt \u00fcber zwei Aufz\u00fcge<\/li>\n<\/ul>\n<p>[\/vc_column_text][\/vc_column][\/vc_row][vc_row css=&#8220;.vc_custom_1653474242865{padding-top: 10px !important;padding-bottom: 50px !important;}&#8220;][vc_column]<style type=\"text\/css\" data-type=\"the7_shortcodes-inline-css\">.gallery-shortcode.gallery-masonry-shortcode-id-b7c981b7f9d48aea83c461701452ace3 figure,\n.gallery-shortcode.gallery-masonry-shortcode-id-b7c981b7f9d48aea83c461701452ace3 .rollover,\n.gallery-shortcode.gallery-masonry-shortcode-id-b7c981b7f9d48aea83c461701452ace3 img,\n.gallery-shortcode.gallery-masonry-shortcode-id-b7c981b7f9d48aea83c461701452ace3 .gallery-rollover {\n  border-radius: 2px;\n}\n.gallery-shortcode.gallery-masonry-shortcode-id-b7c981b7f9d48aea83c461701452ace3.enable-bg-rollover .gallery-rollover {\n  background: -webkit-linear-gradient();\n  background: linear-gradient();\n}\n.gallery-shortcode.gallery-masonry-shortcode-id-b7c981b7f9d48aea83c461701452ace3.enable-bg-rollover.hover-scale figure .rollover:after {\n  background: -webkit-linear-gradient();\n  background: linear-gradient();\n}\n.gallery-shortcode.gallery-masonry-shortcode-id-b7c981b7f9d48aea83c461701452ace3 .gallery-zoom-ico {\n  width: 44px;\n  height: 44px;\n  line-height: 44px;\n  border-radius: 100px;\n  margin: -22px 0 0 -22px;\n  border-width: 0px;\n  color: #ffffff;\n}\n.dt-icon-bg-on.gallery-shortcode.gallery-masonry-shortcode-id-b7c981b7f9d48aea83c461701452ace3 .gallery-zoom-ico {\n  background: rgba(255,255,255,0.3);\n  box-shadow: none;\n}\n.gallery-shortcode.gallery-masonry-shortcode-id-b7c981b7f9d48aea83c461701452ace3 .gallery-zoom-ico:before,\n.gallery-shortcode.gallery-masonry-shortcode-id-b7c981b7f9d48aea83c461701452ace3 .gallery-zoom-ico span {\n  font-size: 32px;\n  line-height: 44px;\n  color: #ffffff;\n}\n.gallery-shortcode.gallery-masonry-shortcode-id-b7c981b7f9d48aea83c461701452ace3:not(.resize-by-browser-width) .dt-css-grid {\n  grid-row-gap: 10px;\n  grid-column-gap: 10px;\n  grid-template-columns: repeat(auto-fill,minmax(,1fr));\n}\n.gallery-shortcode.gallery-masonry-shortcode-id-b7c981b7f9d48aea83c461701452ace3:not(.resize-by-browser-width) .dt-css-grid .double-width {\n  grid-column: span 2;\n}\n.cssgridlegacy.no-cssgrid .gallery-shortcode.gallery-masonry-shortcode-id-b7c981b7f9d48aea83c461701452ace3:not(.resize-by-browser-width) .dt-css-grid,\n.no-cssgridlegacy.no-cssgrid .gallery-shortcode.gallery-masonry-shortcode-id-b7c981b7f9d48aea83c461701452ace3:not(.resize-by-browser-width) .dt-css-grid {\n  display: flex;\n  flex-flow: row wrap;\n  margin: -5px;\n}\n.cssgridlegacy.no-cssgrid .gallery-shortcode.gallery-masonry-shortcode-id-b7c981b7f9d48aea83c461701452ace3:not(.resize-by-browser-width) .dt-css-grid .wf-cell,\n.no-cssgridlegacy.no-cssgrid .gallery-shortcode.gallery-masonry-shortcode-id-b7c981b7f9d48aea83c461701452ace3:not(.resize-by-browser-width) .dt-css-grid .wf-cell {\n  flex: 1 0 ;\n  max-width: 100%;\n  padding: 5px;\n  box-sizing: border-box;\n}\n.gallery-shortcode.gallery-masonry-shortcode-id-b7c981b7f9d48aea83c461701452ace3.resize-by-browser-width .dt-css-grid {\n  grid-template-columns: repeat(5,1fr);\n  grid-template-rows: auto;\n  grid-column-gap: 10px;\n  grid-row-gap: 10px;\n}\n.gallery-shortcode.gallery-masonry-shortcode-id-b7c981b7f9d48aea83c461701452ace3.resize-by-browser-width .dt-css-grid .double-width {\n  grid-column: span 2;\n}\n.cssgridlegacy.no-cssgrid .gallery-shortcode.gallery-masonry-shortcode-id-b7c981b7f9d48aea83c461701452ace3.resize-by-browser-width .dt-css-grid {\n  margin: -5px;\n}\n.cssgridlegacy.no-cssgrid .gallery-shortcode.gallery-masonry-shortcode-id-b7c981b7f9d48aea83c461701452ace3.resize-by-browser-width .dt-css-grid .wf-cell {\n  width: 20%;\n  padding: 5px;\n}\n.cssgridlegacy.no-cssgrid .gallery-shortcode.gallery-masonry-shortcode-id-b7c981b7f9d48aea83c461701452ace3.resize-by-browser-width .dt-css-grid .wf-cell.double-width {\n  width: calc(20%) * 2;\n}\n.gallery-shortcode.gallery-masonry-shortcode-id-b7c981b7f9d48aea83c461701452ace3.resize-by-browser-width:not(.centered-layout-list):not(.content-bg-on) .dt-css-grid {\n  grid-row-gap: 10px - ;\n}\n@media screen and (max-width: 1199px) {\n  .gallery-shortcode.gallery-masonry-shortcode-id-b7c981b7f9d48aea83c461701452ace3.resize-by-browser-width .dt-css-grid {\n    grid-template-columns: repeat(5,1fr);\n  }\n  .cssgridlegacy.no-cssgrid .gallery-shortcode.gallery-masonry-shortcode-id-b7c981b7f9d48aea83c461701452ace3.resize-by-browser-width .dt-css-grid .wf-cell,\n  .no-cssgridlegacy.no-cssgrid .gallery-shortcode.gallery-masonry-shortcode-id-b7c981b7f9d48aea83c461701452ace3.resize-by-browser-width .dt-css-grid .wf-cell {\n    width: 20%;\n  }\n  .cssgridlegacy.no-cssgrid .gallery-shortcode.gallery-masonry-shortcode-id-b7c981b7f9d48aea83c461701452ace3.resize-by-browser-width .dt-css-grid .wf-cell.double-width,\n  .no-cssgridlegacy.no-cssgrid .gallery-shortcode.gallery-masonry-shortcode-id-b7c981b7f9d48aea83c461701452ace3.resize-by-browser-width .dt-css-grid .wf-cell.double-width {\n    width: calc(20%)*2;\n  }\n}\n@media screen and (max-width: 991px) {\n  .gallery-shortcode.gallery-masonry-shortcode-id-b7c981b7f9d48aea83c461701452ace3.resize-by-browser-width .dt-css-grid {\n    grid-template-columns: repeat(3,1fr);\n  }\n  .cssgridlegacy.no-cssgrid .gallery-shortcode.gallery-masonry-shortcode-id-b7c981b7f9d48aea83c461701452ace3.resize-by-browser-width .dt-css-grid .wf-cell,\n  .no-cssgridlegacy.no-cssgrid .gallery-shortcode.gallery-masonry-shortcode-id-b7c981b7f9d48aea83c461701452ace3.resize-by-browser-width .dt-css-grid .wf-cell {\n    width: 33.333333333333%;\n  }\n  .cssgridlegacy.no-cssgrid .gallery-shortcode.gallery-masonry-shortcode-id-b7c981b7f9d48aea83c461701452ace3.resize-by-browser-width .dt-css-grid .wf-cell.double-width,\n  .no-cssgridlegacy.no-cssgrid .gallery-shortcode.gallery-masonry-shortcode-id-b7c981b7f9d48aea83c461701452ace3.resize-by-browser-width .dt-css-grid .wf-cell.double-width {\n    width: calc(33.333333333333%)*2;\n  }\n}\n@media screen and (max-width: 767px) {\n  .gallery-shortcode.gallery-masonry-shortcode-id-b7c981b7f9d48aea83c461701452ace3.resize-by-browser-width .dt-css-grid {\n    grid-template-columns: repeat(2,1fr);\n  }\n  .cssgridlegacy.no-cssgrid .gallery-shortcode.gallery-masonry-shortcode-id-b7c981b7f9d48aea83c461701452ace3.resize-by-browser-width .dt-css-grid .wf-cell,\n  .no-cssgridlegacy.no-cssgrid .gallery-shortcode.gallery-masonry-shortcode-id-b7c981b7f9d48aea83c461701452ace3.resize-by-browser-width .dt-css-grid .wf-cell {\n    width: 50%;\n  }\n  .cssgridlegacy.no-cssgrid .gallery-shortcode.gallery-masonry-shortcode-id-b7c981b7f9d48aea83c461701452ace3.resize-by-browser-width .dt-css-grid .wf-cell.double-width,\n  .no-cssgridlegacy.no-cssgrid .gallery-shortcode.gallery-masonry-shortcode-id-b7c981b7f9d48aea83c461701452ace3.resize-by-browser-width .dt-css-grid .wf-cell.double-width {\n    width: calc(50%)*2;\n  }\n}\n<\/style><div class=\"gallery-shortcode dt-gallery-container gallery-masonry-shortcode-id-b7c981b7f9d48aea83c461701452ace3 mode-grid jquery-filter dt-icon-bg-off quick-scale-img dt-css-grid-wrap enable-bg-rollover resize-by-browser-width  hover-fade loading-effect-none description-on-hover\" data-padding=\"5px\" data-cur-page=\"1\" data-post-limit=\"-1\" data-pagination-mode=\"none\" data-desktop-columns-num=\"5\" data-v-tablet-columns-num=\"3\" data-h-tablet-columns-num=\"5\" data-phone-columns-num=\"2\" data-width=\"0px\" data-columns=\"0\"><div class=\"dt-css-grid\" ><div class=\"wf-cell\" data-post-id=\"479\" data-date=\"2024-08-13T10:35:17+02:00\" data-name=\"SIESTA-_DNN8496-HDR\"><figure class=\"post visible\"><a href=\"https:\/\/www.hotellasiestajesolo.com\/wp-content\/uploads\/2024\/08\/SIESTA-_DNN8496-HDR.jpg\" class=\"rollover dt-pswp-item layzr-bg\" data-large_image_width=\"2560\" data-large_image_height=\"1707\" data-dt-img-description=\"\" title=\"SIESTA-_DNN8496-HDR\"><img fetchpriority=\"high\" decoding=\"async\" class=\"preload-me iso-lazy-load aspect\" src=\"data:image\/svg+xml,%3Csvg%20xmlns%3D&#39;http%3A%2F%2Fwww.w3.org%2F2000%2Fsvg&#39;%20viewBox%3D&#39;0%200%20379%20253&#39;%2F%3E\" data-src=\"https:\/\/www.hotellasiestajesolo.com\/wp-content\/uploads\/2024\/08\/SIESTA-_DNN8496-HDR-379x253.jpg\" data-srcset=\"https:\/\/www.hotellasiestajesolo.com\/wp-content\/uploads\/2024\/08\/SIESTA-_DNN8496-HDR-379x253.jpg 379w, https:\/\/www.hotellasiestajesolo.com\/wp-content\/uploads\/2024\/08\/SIESTA-_DNN8496-HDR-569x380.jpg 569w\" loading=\"eager\" style=\"--ratio: 379 \/ 253\" sizes=\"(max-width: 379px) 100vw, 379px\" alt=\"\" width=\"379\" height=\"253\"  \/><span class=\"gallery-rollover\"><span class=\"gallery-zoom-ico icomoon-the7-font-the7-zoom-06\"><span><\/span><\/span><\/span><\/a><\/figure><\/div><div class=\"wf-cell\" data-post-id=\"435\" data-date=\"2024-08-13T10:34:26+02:00\" data-name=\"SIESTA-_DNN8451\"><figure class=\"post visible\"><a href=\"https:\/\/www.hotellasiestajesolo.com\/wp-content\/uploads\/2024\/08\/SIESTA-_DNN8451.jpg\" class=\"rollover dt-pswp-item layzr-bg\" data-large_image_width=\"2560\" data-large_image_height=\"1707\" data-dt-img-description=\"\" title=\"SIESTA-_DNN8451\"><img decoding=\"async\" class=\"preload-me iso-lazy-load aspect\" src=\"data:image\/svg+xml,%3Csvg%20xmlns%3D&#39;http%3A%2F%2Fwww.w3.org%2F2000%2Fsvg&#39;%20viewBox%3D&#39;0%200%20379%20253&#39;%2F%3E\" data-src=\"https:\/\/www.hotellasiestajesolo.com\/wp-content\/uploads\/2024\/08\/SIESTA-_DNN8451-379x253.jpg\" data-srcset=\"https:\/\/www.hotellasiestajesolo.com\/wp-content\/uploads\/2024\/08\/SIESTA-_DNN8451-379x253.jpg 379w, https:\/\/www.hotellasiestajesolo.com\/wp-content\/uploads\/2024\/08\/SIESTA-_DNN8451-569x380.jpg 569w\" loading=\"eager\" style=\"--ratio: 379 \/ 253\" sizes=\"(max-width: 379px) 100vw, 379px\" alt=\"\" width=\"379\" height=\"253\"  \/><span class=\"gallery-rollover\"><span class=\"gallery-zoom-ico icomoon-the7-font-the7-zoom-06\"><span><\/span><\/span><\/span><\/a><\/figure><\/div><div class=\"wf-cell\" data-post-id=\"513\" data-date=\"2024-08-13T10:35:58+02:00\" data-name=\"SIESTA-_DNN8756\"><figure class=\"post visible\"><a href=\"https:\/\/www.hotellasiestajesolo.com\/wp-content\/uploads\/2024\/08\/SIESTA-_DNN8756.jpg\" class=\"rollover dt-pswp-item layzr-bg\" data-large_image_width=\"2560\" data-large_image_height=\"1707\" data-dt-img-description=\"\" title=\"SIESTA-_DNN8756\"><img decoding=\"async\" class=\"preload-me iso-lazy-load aspect\" src=\"data:image\/svg+xml,%3Csvg%20xmlns%3D&#39;http%3A%2F%2Fwww.w3.org%2F2000%2Fsvg&#39;%20viewBox%3D&#39;0%200%20379%20253&#39;%2F%3E\" data-src=\"https:\/\/www.hotellasiestajesolo.com\/wp-content\/uploads\/2024\/08\/SIESTA-_DNN8756-379x253.jpg\" data-srcset=\"https:\/\/www.hotellasiestajesolo.com\/wp-content\/uploads\/2024\/08\/SIESTA-_DNN8756-379x253.jpg 379w, https:\/\/www.hotellasiestajesolo.com\/wp-content\/uploads\/2024\/08\/SIESTA-_DNN8756-569x380.jpg 569w\" loading=\"eager\" style=\"--ratio: 379 \/ 253\" sizes=\"(max-width: 379px) 100vw, 379px\" alt=\"\" width=\"379\" height=\"253\"  \/><span class=\"gallery-rollover\"><span class=\"gallery-zoom-ico icomoon-the7-font-the7-zoom-06\"><span><\/span><\/span><\/span><\/a><\/figure><\/div><div class=\"wf-cell\" data-post-id=\"533\" data-date=\"2024-08-13T10:36:22+02:00\" data-name=\"SIESTA-_DNN8802-HDR\"><figure class=\"post visible\"><a href=\"https:\/\/www.hotellasiestajesolo.com\/wp-content\/uploads\/2024\/08\/SIESTA-_DNN8802-HDR.jpg\" class=\"rollover dt-pswp-item layzr-bg\" data-large_image_width=\"2560\" data-large_image_height=\"1707\" data-dt-img-description=\"\" title=\"SIESTA-_DNN8802-HDR\"><img decoding=\"async\" class=\"preload-me iso-lazy-load aspect\" src=\"data:image\/svg+xml,%3Csvg%20xmlns%3D&#39;http%3A%2F%2Fwww.w3.org%2F2000%2Fsvg&#39;%20viewBox%3D&#39;0%200%20379%20253&#39;%2F%3E\" data-src=\"https:\/\/www.hotellasiestajesolo.com\/wp-content\/uploads\/2024\/08\/SIESTA-_DNN8802-HDR-379x253.jpg\" data-srcset=\"https:\/\/www.hotellasiestajesolo.com\/wp-content\/uploads\/2024\/08\/SIESTA-_DNN8802-HDR-379x253.jpg 379w, https:\/\/www.hotellasiestajesolo.com\/wp-content\/uploads\/2024\/08\/SIESTA-_DNN8802-HDR-569x380.jpg 569w\" loading=\"eager\" style=\"--ratio: 379 \/ 253\" sizes=\"(max-width: 379px) 100vw, 379px\" alt=\"\" width=\"379\" height=\"253\"  \/><span class=\"gallery-rollover\"><span class=\"gallery-zoom-ico icomoon-the7-font-the7-zoom-06\"><span><\/span><\/span><\/span><\/a><\/figure><\/div><div class=\"wf-cell\" data-post-id=\"537\" data-date=\"2024-08-13T10:36:27+02:00\" data-name=\"SIESTA-_DNN8808-HDR\"><figure class=\"post visible\"><a href=\"https:\/\/www.hotellasiestajesolo.com\/wp-content\/uploads\/2024\/08\/SIESTA-_DNN8808-HDR.jpg\" class=\"rollover dt-pswp-item layzr-bg\" data-large_image_width=\"2560\" data-large_image_height=\"1707\" data-dt-img-description=\"\" title=\"SIESTA-_DNN8808-HDR\"><img decoding=\"async\" class=\"preload-me iso-lazy-load aspect\" src=\"data:image\/svg+xml,%3Csvg%20xmlns%3D&#39;http%3A%2F%2Fwww.w3.org%2F2000%2Fsvg&#39;%20viewBox%3D&#39;0%200%20379%20253&#39;%2F%3E\" data-src=\"https:\/\/www.hotellasiestajesolo.com\/wp-content\/uploads\/2024\/08\/SIESTA-_DNN8808-HDR-379x253.jpg\" data-srcset=\"https:\/\/www.hotellasiestajesolo.com\/wp-content\/uploads\/2024\/08\/SIESTA-_DNN8808-HDR-379x253.jpg 379w, https:\/\/www.hotellasiestajesolo.com\/wp-content\/uploads\/2024\/08\/SIESTA-_DNN8808-HDR-569x380.jpg 569w\" loading=\"eager\" style=\"--ratio: 379 \/ 253\" sizes=\"(max-width: 379px) 100vw, 379px\" alt=\"\" width=\"379\" height=\"253\"  \/><span class=\"gallery-rollover\"><span class=\"gallery-zoom-ico icomoon-the7-font-the7-zoom-06\"><span><\/span><\/span><\/span><\/a><\/figure><\/div><\/div><!-- iso-container|iso-grid --><\/div>[\/vc_column][\/vc_row]<\/p>\n<\/div>","protected":false},"excerpt":{"rendered":"<p>[vc_row full_width=&#8220;stretch_row_content&#8220;][vc_column][vc_raw_html]PGRpdiBjbGFzcz0iYXJyb3ctd3JhcHBlciI+PGRpdiBjbGFzcz0iYXJyb3ciPjwvZGl2PjwvZGl2Pg==[\/vc_raw_html][\/vc_column][\/vc_row][vc_row full_width=&#8220;stretch_row_content&#8220;][vc_column][vc_empty_space height=&#8220;100px&#8220;][vc_column_text css=&#8220;&#8220;] SERVICES [\/vc_column_text][vc_empty_space height=&#8220;50px&#8220;][\/vc_column][\/vc_row][vc_row css=&#8220;.vc_custom_1547553006946{padding-top: 10px !important;padding-bottom: 50px !important;}&#8220;][vc_column][vc_column_text css=&#8220;&#8220;]Hotel la Siesta begr\u00fcsst Sie mit Freundlichkeit, ein charakteristisches Merkmal sehr wichtig f\u00fcr Herr Facco und sein Staff. Kundenbetreung und Freundlichkeit sind grundlegend um Ihnen ein Erlebnis zwischen Komfort und Tradition anbieten. Terrassen-Bar Das Terrasse-Bar begr\u00fc\u00dft die G\u00e4ste von Fr\u00fcst\u00fcckszeit bis Abend.&hellip;<\/p>\n","protected":false},"author":1,"featured_media":0,"parent":0,"menu_order":0,"comment_status":"closed","ping_status":"closed","template":"","meta":{"footnotes":""},"class_list":["post-701","page","type-page","status-publish","hentry","description-off"],"_links":{"self":[{"href":"https:\/\/www.hotellasiestajesolo.com\/de\/wp-json\/wp\/v2\/pages\/701","targetHints":{"allow":["GET"]}}],"collection":[{"href":"https:\/\/www.hotellasiestajesolo.com\/de\/wp-json\/wp\/v2\/pages"}],"about":[{"href":"https:\/\/www.hotellasiestajesolo.com\/de\/wp-json\/wp\/v2\/types\/page"}],"author":[{"embeddable":true,"href":"https:\/\/www.hotellasiestajesolo.com\/de\/wp-json\/wp\/v2\/users\/1"}],"replies":[{"embeddable":true,"href":"https:\/\/www.hotellasiestajesolo.com\/de\/wp-json\/wp\/v2\/comments?post=701"}],"version-history":[{"count":6,"href":"https:\/\/www.hotellasiestajesolo.com\/de\/wp-json\/wp\/v2\/pages\/701\/revisions"}],"predecessor-version":[{"id":1085,"href":"https:\/\/www.hotellasiestajesolo.com\/de\/wp-json\/wp\/v2\/pages\/701\/revisions\/1085"}],"wp:attachment":[{"href":"https:\/\/www.hotellasiestajesolo.com\/de\/wp-json\/wp\/v2\/media?parent=701"}],"curies":[{"name":"wp","href":"https:\/\/api.w.org\/{rel}","templated":true}]}}